{"id":1800,"date":"2023-02-20T12:03:39","date_gmt":"2023-02-20T12:03:39","guid":{"rendered":"https:\/\/fnac.complot.net\/?page_id=1800"},"modified":"2023-02-22T12:48:46","modified_gmt":"2023-02-22T12:48:46","slug":"en-que-fijarse-a-la-hora-de-elegir-un-portatil","status":"publish","type":"page","link":"https:\/\/fnac.complot.net\/index.php\/en-que-fijarse-a-la-hora-de-elegir-un-portatil\/","title":{"rendered":"En que\u0301 fijarse a la hora de elegir un porta\u0301til"},"content":{"rendered":"\t\t<div data-elementor-type=\"wp-page\" data-elementor-id=\"1800\" class=\"elementor elementor-1800\" data-elementor-post-type=\"page\">\n\t\t\t\t<div class=\"elementor-element elementor-element-682add6 e-flex e-con-boxed e-con e-parent\" data-id=\"682add6\" data-element_type=\"container\" data-settings=\"{&quot;container_type&quot;:&quot;flex&quot;,&quot;content_width&quot;:&quot;boxed&quot;}\" data-core-v316-plus=\"true\">\n\t\t\t\t\t<div class=\"e-con-inner\">\n\t\t\t\t<div class=\"elementor-element elementor-element-8d3504a elementor-widget elementor-widget-heading\" data-id=\"8d3504a\" data-element_type=\"widget\" data-widget_type=\"heading.default\">\n\t\t\t\t<div class=\"elementor-widget-container\">\n\t\t\t<style>\/*! elementor - v3.19.0 - 05-02-2024 *\/\n.elementor-heading-title{padding:0;margin:0;line-height:1}.elementor-widget-heading .elementor-heading-title[class*=elementor-size-]>a{color:inherit;font-size:inherit;line-height:inherit}.elementor-widget-heading .elementor-heading-title.elementor-size-small{font-size:15px}.elementor-widget-heading .elementor-heading-title.elementor-size-medium{font-size:19px}.elementor-widget-heading .elementor-heading-title.elementor-size-large{font-size:29px}.elementor-widget-heading .elementor-heading-title.elementor-size-xl{font-size:39px}.elementor-widget-heading .elementor-heading-title.elementor-size-xxl{font-size:59px}<\/style><h2 class=\"elementor-heading-title elementor-size-default\">En que\u0301 fijarse a la hora de elegir un porta\u0301til<\/h2>\t\t<\/div>\n\t\t\t\t<\/div>\n\t\t\t\t<div class=\"elementor-element elementor-element-de9edd6 elementor-widget elementor-widget-text-editor\" data-id=\"de9edd6\" data-element_type=\"widget\" data-widget_type=\"text-editor.default\">\n\t\t\t\t<div class=\"elementor-widget-container\">\n\t\t\t<style>\/*! elementor - v3.19.0 - 05-02-2024 *\/\n.elementor-widget-text-editor.elementor-drop-cap-view-stacked .elementor-drop-cap{background-color:#69727d;color:#fff}.elementor-widget-text-editor.elementor-drop-cap-view-framed .elementor-drop-cap{color:#69727d;border:3px solid;background-color:transparent}.elementor-widget-text-editor:not(.elementor-drop-cap-view-default) .elementor-drop-cap{margin-top:8px}.elementor-widget-text-editor:not(.elementor-drop-cap-view-default) .elementor-drop-cap-letter{width:1em;height:1em}.elementor-widget-text-editor .elementor-drop-cap{float:left;text-align:center;line-height:1;font-size:50px}.elementor-widget-text-editor .elementor-drop-cap-letter{display:inline-block}<\/style>\t\t\t\t<p>\u00bfQuieres comprar un port\u00e1til pero te pierdes entre tantos tecnicismos?<\/p><p>\u00a0<\/p><p>No te preocupes, en Fnac estamos para ayudarte, y hoy vamos a ense\u00f1arte a elegir el port\u00e1til que se ajuste a tus necesidades.<\/p><p>\u00a0<\/p><p>Hay m\u00e1s aspectos a tener en cuenta, pero para una primera aproximaci\u00f3n, nos enfocaremos en los siguientes:<\/p><p>\u00a0<\/p><ul><li>Microprocesador<\/li><li>Tarjeta gr\u00e1fica<\/li><li>Resoluci\u00f3n<\/li><li>RAM<\/li><li>Almacenamiento<\/li><li>Peso y tama\u00f1o<\/li><\/ul><p>\u00a0<\/p><p>Si todo esto te parece extra\u00f1o, no te preocupes, pronto quedar\u00e1 muy claro. Pero antes de nada:<\/p><p>\u00a0<\/p><p><strong>\u00bfPara qu\u00e9 quieres el port\u00e1til?<\/strong><\/p><p>\u00a0<\/p><p>Si tu objetivo es jugar, necesitar\u00e1s una buena tarjeta gr\u00e1fica, RAM y resoluci\u00f3n. Si prefieres ver pel\u00edculas y llev\u00e1rtelo de viaje, lo importante ser\u00e1 una buena resoluci\u00f3n, que sea ligero y que la bater\u00eda te dure m\u00e1s.<\/p><p><br \/>Tendr\u00e1s que tener claras tus prioridades. Por regla general, cuanto m\u00e1s peque\u00f1o, ligero y m\u00e1s bater\u00eda tenga, menos potente ser\u00e1 pero, por otro lado, si lo quieres para tareas de ofim\u00e1tica, puede cumplir con creces.<\/p><p><br \/>Pero no nos adelantemos, te vamos a dar las claves para que sepas lo que tienes que elegir.<\/p><p>\u00a0<\/p><p><strong>El microprocesador<\/strong><\/p><p>\u00a0<\/p><p>Es el cerebro del ordenador, en la mayor\u00eda de los sitios sale referenciado como CPU.<\/p><p><br \/>Los procesadores se catalogan seg\u00fan el sistema TDP, pero para hacerlo mucho m\u00e1s sencillo, vamos a guiarnos por las letras:<\/p><p>\u00a0<\/p><ul><li>Si el nombre del procesador termina en H, estaremos ante uno de alto rendimiento, ideal para jugar o para trabajos pesados.<\/li><li>Si termina en U, estaremos ante un microprocesador poco potente, com\u00fan en ordenadores ligeros.<\/li><li>Por \u00faltimo, los que acaban en H suelen ser la combinaci\u00f3n de los dos anteriores, aunque no llegan a destacar en ninguno.<\/li><\/ul><p>\u00a0<\/p><p><strong>Tarjeta gr\u00e1fica<\/strong><\/p><p><br \/>Si vas a jugar, o tu sue\u00f1o es ser creador de contenido y renderizar videos, tu ordenador requerir\u00e1 una tarjeta gr\u00e1fica dedicada. En caso contrario, no la necesitas, con lo que podr\u00e1s ahorrar dinero si eliges un ordenador que la tenga integrada en el microprocesador.<br \/>Si lo vas a querer para jugar, hay una buena cantidad de modelos. NVIDIA y AMD se reparten el mercado. Te recomendamos que busques los requisitos m\u00ednimos y recomendados de los juegos a los que quieras jugar, y busques un ordenador con esa gr\u00e1fica.<\/p><p>\u00a0<\/p><p><strong>Resoluci\u00f3n<\/strong><\/p><p>\u00a0<\/p><p>Solo deber\u00edas elegir la resoluci\u00f3n 1366 x 768 si vas a utilizar el ordenador para tareas muy b\u00e1sicas.<br \/>Lo que te recomendamos es buscar uno que tenga una pantalla de 1440p. Tanto el Gaming como el resto del hardware gr\u00e1fico est\u00e1n pensados para ser usado en esta resoluci\u00f3n.<\/p><p><br \/>Con los tama\u00f1os que tienen las pantallas actuales, no te recomendamos resoluciones 4K, ya que no las vas a apreciar, salvo que sean un profesional.<\/p><p><br \/>Aunque no tenga que ver con la resoluci\u00f3n, te recomendamos las pantallas LED. Son m\u00e1s baratas que las OLED y las IPS. Adem\u00e1s, consumen menos, tienen m\u00e1s \u00e1ngulo de visi\u00f3n y por lo general son m\u00e1s ligeras.<\/p><p>\u00a0<\/p><p><strong>RAM<\/strong><\/p><p><br \/>Salvo que vayas a usar el ordenador para jugar, editar videos o correr programas exigentes, con unos 8 GB de RAM es m\u00e1s que suficiente.<\/p><p><br \/>Si acabas compr\u00e1ndote uno de 4GB, ten en cuenta que solo lo podr\u00e1s utilizar para las tareas m\u00e1s b\u00e1sicas.<br \/>Si vas a jugar y someter al ordenador a una buena carga, no debes bajar de 16 GB, siendo 32GB lo ideal para que corra los juegos m\u00e1s exigentes durante varios a\u00f1os.<\/p><p>\u00a0<\/p><p><strong>Almacenamiento<\/strong><\/p><p><br \/>Si quieres que el ordenador inicie r\u00e1pido y que los programas corran a buena velocidad, te recomendamos que te hagas con un disco duro SSD. A ser posible, busca uno que sea NVME.<\/p><p><br \/>Si por el contrario quieres much\u00edsima capacidad, perder rapidez pero que sea m\u00e1s barato, puedes comprarte uno que tenga un disco duro convencional (lo sabr\u00e1s porque no pone SSD)<\/p><p>\u00a0<\/p><p><strong>Peso y tama\u00f1o<\/strong><\/p><p><br \/>Si lo quieres para uso general, con 15,6 pulgadas deber\u00eda bastar. Si para ti prima que sea f\u00e1cil de mover y pese poco, lo ideal son unas 13 pulgadas.<\/p><p><br \/>Si por el contrario quieres mantenerlo fijo, jugar y darle mucha ca\u00f1a, cuantas m\u00e1s pulgadas mejor, pero encarecer\u00e1 el precio y el peso.<\/p><p>\u00a0<\/p><p>\u00a1Y eso ha sido todo! Esperamos que esta peque\u00f1a gu\u00eda te ayude, a decidir el port\u00e1til que mejor se ajuste a tus necesidades.<\/p>\t\t\t\t\t\t<\/div>\n\t\t\t\t<\/div>\n\t\t\t\t\t<\/div>\n\t\t\t\t<\/div>\n\t\t\t\t<\/div>\n\t\t","protected":false},"excerpt":{"rendered":"<p>En que\u0301 fijarse a la hora de elegir un porta\u0301til \u00bfQuieres comprar un port\u00e1til pero te pierdes entre tantos tecnicismos? \u00a0 No te preocupes, en Fnac estamos para ayudarte, y hoy vamos a ense\u00f1arte a elegir el port\u00e1til que se ajuste a tus necesidades. \u00a0 Hay m\u00e1s aspectos a tener en cuenta, pero para una [&hellip;]<\/p>\n","protected":false},"author":1,"featured_media":0,"parent":0,"menu_order":0,"comment_status":"closed","ping_status":"closed","template":"elementor_canvas","meta":{"footnotes":""},"class_list":["post-1800","page","type-page","status-publish","hentry"],"_links":{"self":[{"href":"https:\/\/fnac.complot.net\/index.php\/wp-json\/wp\/v2\/pages\/1800","targetHints":{"allow":["GET"]}}],"collection":[{"href":"https:\/\/fnac.complot.net\/index.php\/wp-json\/wp\/v2\/pages"}],"about":[{"href":"https:\/\/fnac.complot.net\/index.php\/wp-json\/wp\/v2\/types\/page"}],"author":[{"embeddable":true,"href":"https:\/\/fnac.complot.net\/index.php\/wp-json\/wp\/v2\/users\/1"}],"replies":[{"embeddable":true,"href":"https:\/\/fnac.complot.net\/index.php\/wp-json\/wp\/v2\/comments?post=1800"}],"version-history":[{"count":13,"href":"https:\/\/fnac.complot.net\/index.php\/wp-json\/wp\/v2\/pages\/1800\/revisions"}],"predecessor-version":[{"id":1813,"href":"https:\/\/fnac.complot.net\/index.php\/wp-json\/wp\/v2\/pages\/1800\/revisions\/1813"}],"wp:attachment":[{"href":"https:\/\/fnac.complot.net\/index.php\/wp-json\/wp\/v2\/media?parent=1800"}],"curies":[{"name":"wp","href":"https:\/\/api.w.org\/{rel}","templated":true}]}}