{"id":1788,"date":"2023-02-20T11:58:06","date_gmt":"2023-02-20T11:58:06","guid":{"rendered":"https:\/\/fnac.complot.net\/?page_id=1788"},"modified":"2023-02-22T12:53:07","modified_gmt":"2023-02-22T12:53:07","slug":"razones-para-tener-un-smartwatch","status":"publish","type":"page","link":"https:\/\/fnac.complot.net\/index.php\/razones-para-tener-un-smartwatch\/","title":{"rendered":"Razones para tener un Smartwatch"},"content":{"rendered":"\t\t<div data-elementor-type=\"wp-page\" data-elementor-id=\"1788\" class=\"elementor elementor-1788\" data-elementor-post-type=\"page\">\n\t\t\t\t<div class=\"elementor-element elementor-element-682add6 e-flex e-con-boxed e-con e-parent\" data-id=\"682add6\" data-element_type=\"container\" data-settings=\"{&quot;container_type&quot;:&quot;flex&quot;,&quot;content_width&quot;:&quot;boxed&quot;}\" data-core-v316-plus=\"true\">\n\t\t\t\t\t<div class=\"e-con-inner\">\n\t\t\t\t<div class=\"elementor-element elementor-element-8d3504a elementor-widget elementor-widget-heading\" data-id=\"8d3504a\" data-element_type=\"widget\" data-widget_type=\"heading.default\">\n\t\t\t\t<div class=\"elementor-widget-container\">\n\t\t\t<style>\/*! elementor - v3.19.0 - 05-02-2024 *\/\n.elementor-heading-title{padding:0;margin:0;line-height:1}.elementor-widget-heading .elementor-heading-title[class*=elementor-size-]>a{color:inherit;font-size:inherit;line-height:inherit}.elementor-widget-heading .elementor-heading-title.elementor-size-small{font-size:15px}.elementor-widget-heading .elementor-heading-title.elementor-size-medium{font-size:19px}.elementor-widget-heading .elementor-heading-title.elementor-size-large{font-size:29px}.elementor-widget-heading .elementor-heading-title.elementor-size-xl{font-size:39px}.elementor-widget-heading .elementor-heading-title.elementor-size-xxl{font-size:59px}<\/style><h2 class=\"elementor-heading-title elementor-size-default\">Razones para tener un Smartwatch<\/h2>\t\t<\/div>\n\t\t\t\t<\/div>\n\t\t\t\t<div class=\"elementor-element elementor-element-de9edd6 elementor-widget elementor-widget-text-editor\" data-id=\"de9edd6\" data-element_type=\"widget\" data-widget_type=\"text-editor.default\">\n\t\t\t\t<div class=\"elementor-widget-container\">\n\t\t\t<style>\/*! elementor - v3.19.0 - 05-02-2024 *\/\n.elementor-widget-text-editor.elementor-drop-cap-view-stacked .elementor-drop-cap{background-color:#69727d;color:#fff}.elementor-widget-text-editor.elementor-drop-cap-view-framed .elementor-drop-cap{color:#69727d;border:3px solid;background-color:transparent}.elementor-widget-text-editor:not(.elementor-drop-cap-view-default) .elementor-drop-cap{margin-top:8px}.elementor-widget-text-editor:not(.elementor-drop-cap-view-default) .elementor-drop-cap-letter{width:1em;height:1em}.elementor-widget-text-editor .elementor-drop-cap{float:left;text-align:center;line-height:1;font-size:50px}.elementor-widget-text-editor .elementor-drop-cap-letter{display:inline-block}<\/style>\t\t\t\t<p>Si ya est\u00e1s cansado de tu reloj de toda la vida, pero a\u00fan no est\u00e1s convencido de que un smarwatch sea la soluci\u00f3n, no temas. En Fnac siempre buscamos ayudarte y, en esta ocasi\u00f3n, te vamos a contar, todos los beneficios que puede ofrecerte un smartwatch en tu d\u00eda d\u00eda.<\/p><p>\u00a0<\/p><p><strong>Controla todo lo que pasa en tu m\u00f3vil sin tener que sacarlo.<\/strong><\/p><p>Vincular el reloj al m\u00f3vil es uno de los grandes atractivos de los Smartwatches. Podremos ver si alguien nos ha escrito, hacer una lista que nos avis\u00e9 si alguien nos manda un correo, contestar o rechazar una llamada del m\u00f3vil. \u00a1Sin tener que sacarlo!<\/p><p>Adem\u00e1s, ayuda a organizarse. Si lo sincronizas con Google Calendar, nos enviar\u00e1 recordatorios de todos los eventos que tengamos de forma autom\u00e1tica. Si no fuera posible la sincronizaci\u00f3n, todos los relojes inteligentes tienen un calendario que puedes configurar para que te avise de fechas importantes.<\/p><p>\u00a0<\/p><p><strong>Te permite ver la hora con much\u00edsima precisi\u00f3n.<\/strong><\/p><p>Los smartwatches son relojes muy precisos y f\u00e1ciles de utilizar. Adem\u00e1s, permite poner alarmas, temporizadores, cron\u00f3metros\u2026<\/p><p>Adem\u00e1s, a diferencia de otros relojes m\u00e1s convencionales, te permite poner los n\u00fameros muy grandes, ideal para quienes empiezan a tener problemas de visi\u00f3n.<\/p><p>\u00a0<\/p><p><strong>Monitoriza tu salud, y facilita hacer deporte.<\/strong><\/p><p>Esta es una de las ventajas m\u00e1s importantes de un Smartwatch. A estas alturas, casi todos incluyen funciones que monitorizan tu presi\u00f3n arterial, pulso y sue\u00f1o.<\/p><p>Pero no se queda solo ah\u00ed, suelen incluir pod\u00f3metros y algunos incluso controlan la quema de calor\u00edas. Adem\u00e1s, nos avisan si no estamos rindiendo lo suficiente, o si por el contrario, nos estamos acercando a un l\u00edmite peligroso para nuestro cuerpo.<\/p><p>\u00a0<\/p><p><strong>Siempre estar\u00e1s conectado.<\/strong><\/p><p>La gran mayor\u00eda de los Smartwatches actuales tienen conexiones telef\u00f3nicas, con lo que podr\u00e1s llamar a trav\u00e9s de ellos, adem\u00e1s de enviar y recibir mensajes.<\/p><p>No olvidemos tampoco que suelen poder conectarse al Wifi, por lo que tambi\u00e9n podr\u00e1s navegar por Internet, mandar audios y usar WhatsApp.<\/p><p>Hemos dejado fuera otros aspectos como que son bastante personalizables y que dan un look muy cool, pero con este art\u00edculo esperamos haberte ayudado a decidir tu pr\u00f3xima compra.<\/p>\t\t\t\t\t\t<\/div>\n\t\t\t\t<\/div>\n\t\t\t\t\t<\/div>\n\t\t\t\t<\/div>\n\t\t\t\t<\/div>\n\t\t","protected":false},"excerpt":{"rendered":"<p>Razones para tener un Smartwatch Si ya est\u00e1s cansado de tu reloj de toda la vida, pero a\u00fan no est\u00e1s convencido de que un smarwatch sea la soluci\u00f3n, no temas. En Fnac siempre buscamos ayudarte y, en esta ocasi\u00f3n, te vamos a contar, todos los beneficios que puede ofrecerte un smartwatch en tu d\u00eda d\u00eda. [&hellip;]<\/p>\n","protected":false},"author":1,"featured_media":0,"parent":0,"menu_order":0,"comment_status":"closed","ping_status":"closed","template":"elementor_canvas","meta":{"footnotes":""},"class_list":["post-1788","page","type-page","status-publish","hentry"],"_links":{"self":[{"href":"https:\/\/fnac.complot.net\/index.php\/wp-json\/wp\/v2\/pages\/1788","targetHints":{"allow":["GET"]}}],"collection":[{"href":"https:\/\/fnac.complot.net\/index.php\/wp-json\/wp\/v2\/pages"}],"about":[{"href":"https:\/\/fnac.complot.net\/index.php\/wp-json\/wp\/v2\/types\/page"}],"author":[{"embeddable":true,"href":"https:\/\/fnac.complot.net\/index.php\/wp-json\/wp\/v2\/users\/1"}],"replies":[{"embeddable":true,"href":"https:\/\/fnac.complot.net\/index.php\/wp-json\/wp\/v2\/comments?post=1788"}],"version-history":[{"count":13,"href":"https:\/\/fnac.complot.net\/index.php\/wp-json\/wp\/v2\/pages\/1788\/revisions"}],"predecessor-version":[{"id":1816,"href":"https:\/\/fnac.complot.net\/index.php\/wp-json\/wp\/v2\/pages\/1788\/revisions\/1816"}],"wp:attachment":[{"href":"https:\/\/fnac.complot.net\/index.php\/wp-json\/wp\/v2\/media?parent=1788"}],"curies":[{"name":"wp","href":"https:\/\/api.w.org\/{rel}","templated":true}]}}